{"id":546,"date":"2025-10-23T18:12:25","date_gmt":"2025-10-23T18:12:25","guid":{"rendered":"https:\/\/lainter.edu.mx\/sorteo\/?page_id=546"},"modified":"2026-01-07T15:58:10","modified_gmt":"2026-01-07T15:58:10","slug":"inicio","status":"publish","type":"page","link":"https:\/\/lainter.edu.mx\/sorteo\/","title":{"rendered":"SORTEO 40 ANIVERSARIO INTER"},"content":{"rendered":"\n<p><\/p>\n\n\n\n<div id=\"wp-block-themeisle-blocks-advanced-columns-a2946a77\" class=\"wp-block-themeisle-blocks-advanced-columns alignfull has-2-columns has-desktop-equal-layout has-tablet-equal-layout has-mobile-collapsedRows-layout has-vertical-center ticss-a2946a77\"><div class=\"wp-block-themeisle-blocks-advanced-columns-overlay\"><\/div><div class=\"innerblocks-wrap\">\n<div id=\"wp-block-themeisle-blocks-advanced-column-bbddf55b\" class=\"wp-block-themeisle-blocks-advanced-column\">\n<figure class=\"wp-block-image aligncenter size-full has-custom-border is-style-rounded\"><img loading=\"lazy\" decoding=\"async\" width=\"688\" height=\"390\" src=\"https:\/\/lainter.edu.mx\/sorteo\/wp-content\/uploads\/2025\/10\/videosorteointer2025.gif\" alt=\"\" class=\"wp-image-561\" style=\"border-style:none;border-width:0px;border-radius:15px\"\/><\/figure>\n<\/div>\n\n\n\n<div id=\"wp-block-themeisle-blocks-advanced-column-92b2db05\" class=\"wp-block-themeisle-blocks-advanced-column\">\n<h2 id=\"wp-block-themeisle-blocks-advanced-heading-8f1f2647\" class=\"wp-block-themeisle-blocks-advanced-heading wp-block-themeisle-blocks-advanced-heading-8f1f2647\">\u00a1DEJA QUE TUS SUE\u00d1OS VUELEN!<\/h2>\n\n\n\n<p class=\"has-text-align-left has-white-color has-text-color\"><strong>\ud83c\udf89 \u00a1Celebramos 40 a\u00f1os contigo! \ud83c\udf89<br>Este a\u00f1o, La Universidad cumple cuatro d\u00e9cadas de compromiso, sue\u00f1os cumplidos y apoyo a la educaci\u00f3n. Para conmemorar este aniversario tan especial, te invitamos a formar parte de una edici\u00f3n hist\u00f3rica, llena de premios, sorpresas y gratitud hacia quienes han hecho posible este camino.<br>Gracias a tu participaci\u00f3n, hemos contribuido al crecimiento acad\u00e9mico y al desarrollo de miles de estudiantes. \u00a1Hoy celebramos juntos 40 a\u00f1os de confianza y solidaridad!<br>\ud83d\udd17 <em>Sigue explorando esta p\u00e1gina para conocer los premios, fechas clave y c\u00f3mo participar en esta gran celebraci\u00f3n.<\/em><\/strong><\/p>\n\n\n\n<div class=\"wp-block-buttons is-layout-flex wp-block-buttons-is-layout-flex\" style=\"padding-right:0;padding-left:0\">\n<div class=\"wp-block-button is-style-primary is-style-fill\"><a class=\"wp-block-button__link has-palette-color-12-background-color has-background wp-element-button\" href=\"https:\/\/www.lainter.edu.mx\/sobre-la-inter\/historia\/\" style=\"padding-top:0;padding-bottom:0\" target=\"_blank\" rel=\"noreferrer noopener\">Learn More<\/a><\/div>\n<\/div>\n<\/div>\n<\/div><\/div>\n\n\n\n<p><\/p>\n\n\n\n<figure class=\"wp-block-image aligncenter size-full animated heartBeat o-anim-offset-2px is-style-rounded\" id=\"wp-block-themeisle-blocks-image-57b45d18\"><img loading=\"lazy\" decoding=\"async\" width=\"1024\" height=\"310\" src=\"https:\/\/lainter.edu.mx\/sorteo\/wp-content\/uploads\/2025\/10\/imgPremiosDirectosalargada.png\" alt=\"\" class=\"wp-image-771\" style=\"object-fit:cover\" srcset=\"https:\/\/lainter.edu.mx\/sorteo\/wp-content\/uploads\/2025\/10\/imgPremiosDirectosalargada.png 1024w, https:\/\/lainter.edu.mx\/sorteo\/wp-content\/uploads\/2025\/10\/imgPremiosDirectosalargada-300x91.png 300w, https:\/\/lainter.edu.mx\/sorteo\/wp-content\/uploads\/2025\/10\/imgPremiosDirectosalargada-768x233.png 768w\" sizes=\"auto, (max-width: 1024px) 100vw, 1024px\" \/><\/figure>\n\n\n\n<div id=\"wp-block-themeisle-blocks-advanced-columns-d738bad6\" class=\"wp-block-themeisle-blocks-advanced-columns alignfull has-1-columns has-desktop-equal-layout has-tablet-equal-layout has-mobile-collapsedRows-layout has-vertical-center ticss-c00aadba\"><div class=\"wp-block-themeisle-blocks-advanced-columns-overlay\"><\/div><div class=\"innerblocks-wrap\">\n<div id=\"wp-block-themeisle-blocks-advanced-column-bbd8db2b\" class=\"wp-block-themeisle-blocks-advanced-column\">\n<div id=\"wp-block-themeisle-blocks-advanced-columns-7f744968\" class=\"wp-block-themeisle-blocks-advanced-columns has-3-columns has-desktop-oneTwoOne-layout has-tablet-equal-layout has-mobile-collapsedRows-layout has-vertical-center\"><div class=\"wp-block-themeisle-blocks-advanced-columns-overlay\"><\/div><div class=\"innerblocks-wrap\">\n<div id=\"wp-block-themeisle-blocks-advanced-column-1430d2f1\" class=\"wp-block-themeisle-blocks-advanced-column\">\n<div id=\"wp-block-themeisle-blocks-flip-123c6ebb\" class=\"wp-block-themeisle-blocks-flip anim flipX\"><div class=\"o-flip-inner\"><div class=\"o-flip-front\"><div class=\"o-flip-content\"><h3><\/h3><p>2do Premio Mazda CX-30 I Grand Touring<\/p><\/div><\/div><div class=\"o-flip-back\">\n<h3 class=\"wp-block-heading\"><\/h3>\n\n\n\n<p class=\"has-vivid-red-color has-text-color has-link-color wp-elements-6d92a822e38b4280a94b1f9f97ab3637\"><strong>Imagen representativa, el color puede variar.<\/strong><\/p>\n\n\n\n<div class=\"wp-block-buttons is-content-justification-center is-layout-flex wp-container-core-buttons-is-layout-a89b3969 wp-block-buttons-is-layout-flex\"><\/div>\n<\/div><\/div><\/div>\n<\/div>\n\n\n\n<div id=\"wp-block-themeisle-blocks-advanced-column-4b138e01\" class=\"wp-block-themeisle-blocks-advanced-column\">\n<div id=\"wp-block-themeisle-blocks-flip-2c636530\" class=\"wp-block-themeisle-blocks-flip anim flipX\"><div class=\"o-flip-inner\"><div class=\"o-flip-front\"><div class=\"o-flip-content\"><h3>1er Premio Mazda CX5 I Grand Touring<\/h3><p><\/p><\/div><\/div><div class=\"o-flip-back\">\n<h3 class=\"wp-block-heading\"><\/h3>\n\n\n\n<p class=\"has-vivid-red-color has-text-color has-link-color has-medium-font-size wp-elements-b357e0bc61180c2c513d04e7a5a7c284\"><strong>Imagen representativa, el color puede variar.<\/strong><\/p>\n\n\n\n<div class=\"wp-block-buttons is-content-justification-center is-layout-flex wp-container-core-buttons-is-layout-a89b3969 wp-block-buttons-is-layout-flex\"><\/div>\n<\/div><\/div><\/div>\n<\/div>\n\n\n\n<div id=\"wp-block-themeisle-blocks-advanced-column-eefc33b9\" class=\"wp-block-themeisle-blocks-advanced-column\">\n<div id=\"wp-block-themeisle-blocks-flip-6323a328\" class=\"wp-block-themeisle-blocks-flip anim flipX\"><div class=\"o-flip-inner\"><div class=\"o-flip-front\"><div class=\"o-flip-content\"><h3><\/h3><p>3er Premio Mazda 3 Sed\u00e1n i Sport<\/p><\/div><\/div><div class=\"o-flip-back\">\n<p class=\"has-vivid-red-color has-text-color has-link-color wp-elements-6d92a822e38b4280a94b1f9f97ab3637\"><strong>Imagen representativa, el color puede variar.<\/strong><\/p>\n\n\n\n<div class=\"wp-block-buttons is-content-justification-center is-layout-flex wp-container-core-buttons-is-layout-a89b3969 wp-block-buttons-is-layout-flex\"><\/div>\n<\/div><\/div><\/div>\n<\/div>\n<\/div><\/div>\n<\/div>\n<\/div><\/div>\n\n\n\n<figure class=\"wp-block-image aligncenter size-full has-custom-border is-style-rounded wp-duotone-unset-1\" id=\"wp-block-themeisle-blocks-image-72533b82\" style=\"margin-top:0;margin-right:0;margin-bottom:0;margin-left:0\"><img loading=\"lazy\" decoding=\"async\" width=\"1600\" height=\"755\" src=\"https:\/\/lainter.edu.mx\/sorteo\/wp-content\/uploads\/2025\/10\/PrimeroPremiosconjunto.jpg\" alt=\"\" class=\"wp-image-627\" style=\"border-width:5px;border-radius:25px\" srcset=\"https:\/\/lainter.edu.mx\/sorteo\/wp-content\/uploads\/2025\/10\/PrimeroPremiosconjunto.jpg 1600w, https:\/\/lainter.edu.mx\/sorteo\/wp-content\/uploads\/2025\/10\/PrimeroPremiosconjunto-300x142.jpg 300w, https:\/\/lainter.edu.mx\/sorteo\/wp-content\/uploads\/2025\/10\/PrimeroPremiosconjunto-1024x483.jpg 1024w, https:\/\/lainter.edu.mx\/sorteo\/wp-content\/uploads\/2025\/10\/PrimeroPremiosconjunto-768x362.jpg 768w, https:\/\/lainter.edu.mx\/sorteo\/wp-content\/uploads\/2025\/10\/PrimeroPremiosconjunto-1536x725.jpg 1536w\" sizes=\"auto, (max-width: 1600px) 100vw, 1600px\" \/><\/figure>\n\n\n\n<p><\/p>\n\n\n\n<div class=\"wp-block-columns is-layout-flex wp-container-core-columns-is-layout-28f84493 wp-block-columns-is-layout-flex\">\n<div class=\"wp-block-column is-layout-flow wp-block-column-is-layout-flow\" style=\"flex-basis:100%\">\n<div id=\"wp-block-themeisle-blocks-advanced-columns-1d2926d6\" class=\"wp-block-themeisle-blocks-advanced-columns alignwide has-1-columns has-desktop-equal-layout has-tablet-equal-layout has-mobile-collapsedRows-layout has-reverse-columns-mobile has-vertical-center ticss-c00aadba\"><div class=\"wp-block-themeisle-blocks-advanced-columns-overlay\"><\/div><div class=\"innerblocks-wrap\">\n<div id=\"wp-block-themeisle-blocks-advanced-column-e32f0cfa\" class=\"wp-block-themeisle-blocks-advanced-column\"><style type=\"text\/css\">.otter-masonry .blocks-gallery-grid .blocks-gallery-item img{ width:100% }<\/style><div class=\"otter-masonry\" data-margin=\"10\">\n<figure class=\"wp-block-gallery has-nested-images columns-2 is-cropped wp-block-gallery-4 is-layout-flex wp-block-gallery-is-layout-flex\">\n<figure class=\"wp-block-image aligncenter size-large has-custom-border is-style-rounded wp-duotone-unset-2\" style=\"margin-top:0;margin-right:0;margin-bottom:0;margin-left:0\"><img loading=\"lazy\" decoding=\"async\" width=\"663\" height=\"1024\" data-id=\"793\" src=\"https:\/\/lainter.edu.mx\/sorteo\/wp-content\/uploads\/2025\/10\/IMG_2363-663x1024.jpg\" alt=\"\" class=\"wp-image-793\" style=\"border-width:5px;border-radius:25px\" srcset=\"https:\/\/lainter.edu.mx\/sorteo\/wp-content\/uploads\/2025\/10\/IMG_2363-663x1024.jpg 663w, https:\/\/lainter.edu.mx\/sorteo\/wp-content\/uploads\/2025\/10\/IMG_2363-194x300.jpg 194w, https:\/\/lainter.edu.mx\/sorteo\/wp-content\/uploads\/2025\/10\/IMG_2363-768x1187.jpg 768w, https:\/\/lainter.edu.mx\/sorteo\/wp-content\/uploads\/2025\/10\/IMG_2363-994x1536.jpg 994w, https:\/\/lainter.edu.mx\/sorteo\/wp-content\/uploads\/2025\/10\/IMG_2363-1325x2048.jpg 1325w, https:\/\/lainter.edu.mx\/sorteo\/wp-content\/uploads\/2025\/10\/IMG_2363-scaled.jpg 1656w\" sizes=\"auto, (max-width: 663px) 100vw, 663px\" \/><\/figure>\n\n\n\n<figure class=\"wp-block-image aligncenter size-large has-custom-border is-style-rounded wp-duotone-unset-3\" style=\"margin-top:0;margin-right:0;margin-bottom:0;margin-left:0\"><img loading=\"lazy\" decoding=\"async\" width=\"663\" height=\"1024\" data-id=\"794\" src=\"https:\/\/lainter.edu.mx\/sorteo\/wp-content\/uploads\/2025\/10\/IMG_2362-663x1024.jpg\" alt=\"\" class=\"wp-image-794\" style=\"border-width:5px;border-radius:25px\" srcset=\"https:\/\/lainter.edu.mx\/sorteo\/wp-content\/uploads\/2025\/10\/IMG_2362-663x1024.jpg 663w, https:\/\/lainter.edu.mx\/sorteo\/wp-content\/uploads\/2025\/10\/IMG_2362-194x300.jpg 194w, https:\/\/lainter.edu.mx\/sorteo\/wp-content\/uploads\/2025\/10\/IMG_2362-768x1187.jpg 768w, https:\/\/lainter.edu.mx\/sorteo\/wp-content\/uploads\/2025\/10\/IMG_2362-994x1536.jpg 994w, https:\/\/lainter.edu.mx\/sorteo\/wp-content\/uploads\/2025\/10\/IMG_2362-1325x2048.jpg 1325w, https:\/\/lainter.edu.mx\/sorteo\/wp-content\/uploads\/2025\/10\/IMG_2362-scaled.jpg 1656w\" sizes=\"auto, (max-width: 663px) 100vw, 663px\" \/><\/figure>\n<\/figure>\n<\/div><\/div>\n<\/div><\/div>\n<\/div>\n<\/div>\n\n\n\n<section id=\"wp-block-themeisle-blocks-advanced-columns-03d78f51\" class=\"wp-block-themeisle-blocks-advanced-columns alignfull has-1-columns has-desktop-equal-layout has-tablet-equal-layout has-mobile-equal-layout has-vertical-flex-start\"><div class=\"wp-block-themeisle-blocks-advanced-columns-overlay\"><\/div><div class=\"innerblocks-wrap\">\n<div id=\"wp-block-themeisle-blocks-advanced-column-f5ef6035\" class=\"wp-block-themeisle-blocks-advanced-column\">\n<section id=\"wp-block-themeisle-blocks-advanced-columns-d40d972d\" class=\"wp-block-themeisle-blocks-advanced-columns has-1-columns has-desktop-equal-layout has-tablet-equal-layout has-mobile-equal-layout has-vertical-flex-start\"><div class=\"wp-block-themeisle-blocks-advanced-columns-overlay\"><\/div><div class=\"innerblocks-wrap\">\n<div id=\"wp-block-themeisle-blocks-advanced-column-b3e970ed\" class=\"wp-block-themeisle-blocks-advanced-column\">\n<h2 class=\"wp-block-heading has-text-align-left has-text-color\" style=\"color:#ffffff\">\ud83c\udf89 Sorteo 40 Aniversario INTER<\/h2>\n\n\n\n<p class=\"has-text-color\" style=\"color:#ffffff\">Emisi\u00f3n: 35000 Boletos f\u00edsicos. Precio del boleto: $250.00, m.n. Valor total de la emisi\u00f3n $8,750,000.00, m.n. En el\u00a0<strong>SORTEO 40 ANIVERSARIO INTER<\/strong>\u00a0se entregar\u00e1n 80 premios; 40 premios directos para nuestros compradores y 40 premios para nuestros colaboradores. Valor total del primer premio a comprador: $611,900.00, m.n. El sorteo se llevar\u00e1 a cabo el 23 de mayo de 2026 a las 11:00 horas, en la Aula Magna de la Universidad Interamericana A.C. Permiso otorgado por la Secretar\u00eda de Gobernaci\u00f3n:\u00a0<strong>20250228PS05.\u00a0<\/strong>Mec\u00e1nica por T\u00d3MBOLA. Los resultados del\u00a0<strong><strong>SORTEO 40 ANIVERSARIO INTER<\/strong><\/strong>\u00a0se publicar\u00e1n el 25 de mayo de 2026, Facebook: Universidad Interamericana Puebla, Instagram: universidad_interamericana. Threads: universidad_interamericana, Tiktok: @genteinter, x: @LainterMX, Pagina web: www.lainter.edu.mx, Pagina web: https:\/\/lainter.edu.mx\/sorteo\/. Peri\u00f3dico EL Sol de Puebla ser\u00e1 en su versi\u00f3n f\u00edsica..<\/p>\n\n\n\n<p class=\"has-text-color\" style=\"color:#ffffff\"><\/p>\n\n\n\n<div style=\"height:20px\" aria-hidden=\"true\" class=\"wp-block-spacer\"><\/div>\n<\/div>\n<\/div><\/section>\n\n\n\n<section id=\"wp-block-themeisle-blocks-advanced-columns-4a8c7b8c\" class=\"wp-block-themeisle-blocks-advanced-columns has-1-columns has-desktop-equal-layout has-tablet-equal-layout has-mobile-equal-layout has-vertical-flex-start\"><div class=\"wp-block-themeisle-blocks-advanced-columns-overlay\"><\/div><div class=\"innerblocks-wrap\">\n<div id=\"wp-block-themeisle-blocks-advanced-column-52a310da\" class=\"wp-block-themeisle-blocks-advanced-column\">\n<h2 class=\"wp-block-heading has-text-align-left has-text-color\" style=\"color:#ffffff\">\ud83c\udfaf Mec\u00e1nica del Sorteo por T\u00f3mbola<\/h2>\n\n\n\n<p class=\"has-text-color\" style=\"color:#ffffff\">La mec\u00e1nica del sorteo se realizar\u00e1 mediante el sistema tradicional de t\u00f3mbola, garantizando transparencia y equidad en la selecci\u00f3n de los ganadores. A continuaci\u00f3n, se describe el procedimiento:<\/p>\n\n\n\n<p class=\"has-text-color\" style=\"color:#ffffff\"><strong><em>Preparaci\u00f3n de boletos:<\/em><\/strong><\/p>\n\n\n\n<ul class=\"wp-block-list\">\n<li class=\"has-palette-color-5-color has-text-color has-link-color wp-elements-fb8a4356a59fae11b9f99e30e4d6f9d9\">Todos los boletos f\u00edsicos emitidos para el sorteo ser\u00e1n numerados y depositados en una t\u00f3mbola antes del inicio del evento.<\/li>\n\n\n\n<li class=\"has-palette-color-5-color has-text-color has-link-color wp-elements-d284aab7f1d6c9ac9fb08ff62807a639\">La t\u00f3mbola ser\u00e1 verificada por el representante de la Secretar\u00eda de Gobernaci\u00f3n para asegurar que contiene la totalidad de los boletos participantes.<\/li>\n<\/ul>\n\n\n\n<ul class=\"wp-block-list\">\n<li><\/li>\n<\/ul>\n\n\n\n<p class=\"has-palette-color-5-color has-text-color has-link-color wp-elements-73cb8cffa90d4455ce748e3747d630db\"><strong><em>Extracci\u00f3n de ganadores:<\/em><\/strong><\/p>\n\n\n\n<ul class=\"wp-block-list\">\n<li class=\"has-palette-color-5-color has-text-color has-link-color wp-elements-8a2941a6faf16f4d6e8e47db85f49ab7\">Los premios se asignar\u00e1n mediante extracci\u00f3n manual, uno por uno, directamente desde la t\u00f3mbola.<\/li>\n\n\n\n<li class=\"has-palette-color-5-color has-text-color has-link-color wp-elements-acbbc49e406f0c865d4fceeecaf19ffd\">Cada boleto extra\u00eddo ser\u00e1 anunciado en voz alta y registrado por el comit\u00e9 organizador.<\/li>\n\n\n\n<li class=\"has-palette-color-5-color has-text-color has-link-color wp-elements-6ad3c39f93225f8daa1f47b99f2390ff\">Los premios se otorgar\u00e1n en el orden establecido previamente (por ejemplo: primer premio, segundo premio, etc.).<\/li>\n<\/ul>\n\n\n\n<p class=\"has-text-color\" style=\"color:#ffffff\"><strong><em>Supervisi\u00f3n:<\/em><\/strong><\/p>\n\n\n\n<ul class=\"wp-block-list\">\n<li class=\"has-palette-color-5-color has-text-color has-link-color wp-elements-9a54b3a0c1cf99092f6c2be861d465c0\">El proceso ser\u00e1 presenciado por representante de la Secretar\u00eda de Gobernaci\u00f3n, conforme a lo estipulado por el permiso oficial otorgado por la Secretar\u00eda de Gobernaci\u00f3n.<\/li>\n\n\n\n<li class=\"has-palette-color-5-color has-text-color has-link-color wp-elements-bed65c5f57a594fb91777e0eceadd4b0\">Se levantar\u00e1 un acta de resultados que incluir\u00e1 los n\u00fameros ganadores y el nombre del sorteo.<\/li>\n\n\n\n<li class=\"has-palette-color-5-color has-text-color has-link-color wp-elements-d7bb065b7011ea11e3f387dff95a6e96\">Publicaci\u00f3n de resultados: Los resultados oficiales se publicar\u00e1n en los medios previamente anunciados, en la fecha indicada.<\/li>\n<\/ul>\n\n\n\n<p class=\"has-text-color\" style=\"color:#ffffff\"><\/p>\n\n\n\n<div style=\"height:20px\" aria-hidden=\"true\" class=\"wp-block-spacer\"><\/div>\n<\/div>\n<\/div><\/section>\n<\/div>\n<\/div><\/section>\n\n\n\n<div id=\"wp-block-themeisle-blocks-advanced-columns-58e66923\" class=\"wp-block-themeisle-blocks-advanced-columns alignfull has-2-columns has-desktop-equal-layout has-tablet-equal-layout has-mobile-collapsedRows-layout has-vertical-center ticss-a2946a77\"><div class=\"wp-block-themeisle-blocks-advanced-columns-overlay\"><\/div><div class=\"innerblocks-wrap\">\n<div id=\"wp-block-themeisle-blocks-advanced-column-8e93b2d0\" class=\"wp-block-themeisle-blocks-advanced-column\">\n<h2 id=\"wp-block-themeisle-blocks-advanced-heading-34bfda46\" class=\"wp-block-themeisle-blocks-advanced-heading wp-block-themeisle-blocks-advanced-heading-34bfda46\">LLENADO DE BOLETOS<\/h2>\n\n\n\n<p class=\"has-text-align-left has-white-color has-text-color\"><strong>\ud83c\udf89 \u00a1Celebramos 40 a\u00f1os contigo! \ud83c\udf89<br><\/strong><\/p>\n<\/div>\n\n\n\n<div id=\"wp-block-themeisle-blocks-advanced-column-96a85d2d\" class=\"wp-block-themeisle-blocks-advanced-column\">\n<div id=\"wp-block-themeisle-blocks-slider-a4af6299\" class=\"wp-block-themeisle-blocks-slider glide is-style-rounded\" data-per-view=\"1\" data-gap=\"0\" data-peek=\"0\" data-autoplay=\"3000\" data-height=\"400px\" data-hide-arrows=\"false\"><div class=\"glide__track\" data-glide-el=\"track\"><div class=\"glide__slides\"><div class=\"wp-block-themeisle-blocks-slider-item-wrapper glide__slide\" tabindex=\"0\"><figure><img decoding=\"async\" class=\"wp-block-themeisle-blocks-slider-item\" src=\"https:\/\/lainter.edu.mx\/sorteo\/wp-content\/uploads\/2025\/11\/BOLETOS-info1-scaled.png\" alt=\"\" title=\"\" data-id=\"824\"\/><\/figure><\/div><div class=\"wp-block-themeisle-blocks-slider-item-wrapper glide__slide\" tabindex=\"0\"><figure><img decoding=\"async\" class=\"wp-block-themeisle-blocks-slider-item\" src=\"https:\/\/lainter.edu.mx\/sorteo\/wp-content\/uploads\/2025\/11\/boleto-info2-scaled.png\" alt=\"\" title=\"\" data-id=\"825\"\/><\/figure><\/div><\/div><div class=\"glide__bullets\" data-glide-el=\"controls[nav]\"><button class=\"glide__bullet\" data-glide-dir=\"=0\"><\/button><button class=\"glide__bullet\" data-glide-dir=\"=1\"><\/button><\/div><\/div><\/div>\n<\/div>\n<\/div><\/div>\n","protected":false},"excerpt":{"rendered":"","protected":false},"author":2,"featured_media":0,"parent":0,"menu_order":0,"comment_status":"closed","ping_status":"closed","template":"","meta":{"_themeisle_gutenberg_block_has_review":false,"footnotes":""},"class_list":["post-546","page","type-page","status-publish","hentry"],"blocksy_meta":[],"_links":{"self":[{"href":"https:\/\/lainter.edu.mx\/sorteo\/wp-json\/wp\/v2\/pages\/546","targetHints":{"allow":["GET"]}}],"collection":[{"href":"https:\/\/lainter.edu.mx\/sorteo\/wp-json\/wp\/v2\/pages"}],"about":[{"href":"https:\/\/lainter.edu.mx\/sorteo\/wp-json\/wp\/v2\/types\/page"}],"author":[{"embeddable":true,"href":"https:\/\/lainter.edu.mx\/sorteo\/wp-json\/wp\/v2\/users\/2"}],"replies":[{"embeddable":true,"href":"https:\/\/lainter.edu.mx\/sorteo\/wp-json\/wp\/v2\/comments?post=546"}],"version-history":[{"count":5,"href":"https:\/\/lainter.edu.mx\/sorteo\/wp-json\/wp\/v2\/pages\/546\/revisions"}],"predecessor-version":[{"id":929,"href":"https:\/\/lainter.edu.mx\/sorteo\/wp-json\/wp\/v2\/pages\/546\/revisions\/929"}],"wp:attachment":[{"href":"https:\/\/lainter.edu.mx\/sorteo\/wp-json\/wp\/v2\/media?parent=546"}],"curies":[{"name":"wp","href":"https:\/\/api.w.org\/{rel}","templated":true}]}}